{"id":615,"date":"2026-04-09T14:04:11","date_gmt":"2026-04-09T14:04:11","guid":{"rendered":"https:\/\/circulareconomyhotspotbudapest.com\/?page_id=615"},"modified":"2026-04-14T15:10:40","modified_gmt":"2026-04-14T15:10:40","slug":"conference","status":"publish","type":"page","link":"https:\/\/circulareconomyhotspotbudapest.com\/hu\/conference\/","title":{"rendered":"Conference"},"content":{"rendered":"<style type=\"text\/css\" data-created_by=\"avia_inline_auto\" id=\"style-css-av-mnwtmbxg-72ce78f347bceefc6c7f559f7d690712\">\n#top .av-special-heading.av-mnwtmbxg-72ce78f347bceefc6c7f559f7d690712{\npadding-bottom:10px;\n}\nbody .av-special-heading.av-mnwtmbxg-72ce78f347bceefc6c7f559f7d690712 .av-special-heading-tag .heading-char{\nfont-size:25px;\n}\n.av-special-heading.av-mnwtmbxg-72ce78f347bceefc6c7f559f7d690712 .av-subheading{\nfont-size:15px;\n}\n<\/style>\n<div  class='av-special-heading av-mnwtmbxg-72ce78f347bceefc6c7f559f7d690712 av-special-heading-h2 blockquote modern-quote  avia-builder-el-0  el_before_av_textblock  avia-builder-el-first'><h2 class='av-special-heading-tag'  itemprop=\"headline\"  >CONFERENCE<\/h2><div class=\"special-heading-border\"><div class=\"special-heading-inner-border\"><\/div><\/div><\/div>\n<section  class='av_textblock_section av-mnwtm3or-0393c08a1d6905e2dde2d289e7626beb'   itemscope=\"itemscope\" itemtype=\"https:\/\/schema.org\/CreativeWork\" ><div class='avia_textblock'  itemprop=\"text\" ><p>Date: <strong>6 October 2026 \u2013 09:00\u201317:00<\/strong> CET<\/p>\n<p>Venue: <strong>Magyar Nemzeti Bank, L\u00e1mfalussy Konferenciak\u00f6zpont (1012, Budapest, Krisztina k\u00f6r\u00fat 55.)<\/strong>, Budapest (1013 Budapest, Krisztina k\u00f6r\u00fat 55.)<\/p>\n<p><strong>Plenary Program:<\/strong><\/p>\n<p>High-level policy and strategic presentations by international and European leaders, featuring business success stories, a financial roundtable on circular investments, and corporate case studies showcasing concrete circular solutions.<\/p>\n<p><strong>Afternoon Breakout Sessions:<\/strong><\/p>\n<p>Strategic insights into key transformation areas of the circular economy\u2014including climate resilience, resource security, circular design, digital and artificial intelligence solutions, food systems, and the built environment\u2014with a strong focus on implementation, competitiveness, and cross-sectoral collaboration.<\/p>\n<\/div><\/section>","protected":false},"excerpt":{"rendered":"","protected":false},"author":1,"featured_media":0,"parent":0,"menu_order":0,"comment_status":"closed","ping_status":"closed","template":"","meta":{"footnotes":""},"class_list":["post-615","page","type-page","status-publish","hentry"],"_links":{"self":[{"href":"https:\/\/circulareconomyhotspotbudapest.com\/hu\/wp-json\/wp\/v2\/pages\/615","targetHints":{"allow":["GET"]}}],"collection":[{"href":"https:\/\/circulareconomyhotspotbudapest.com\/hu\/wp-json\/wp\/v2\/pages"}],"about":[{"href":"https:\/\/circulareconomyhotspotbudapest.com\/hu\/wp-json\/wp\/v2\/types\/page"}],"author":[{"embeddable":true,"href":"https:\/\/circulareconomyhotspotbudapest.com\/hu\/wp-json\/wp\/v2\/users\/1"}],"replies":[{"embeddable":true,"href":"https:\/\/circulareconomyhotspotbudapest.com\/hu\/wp-json\/wp\/v2\/comments?post=615"}],"version-history":[{"count":3,"href":"https:\/\/circulareconomyhotspotbudapest.com\/hu\/wp-json\/wp\/v2\/pages\/615\/revisions"}],"predecessor-version":[{"id":704,"href":"https:\/\/circulareconomyhotspotbudapest.com\/hu\/wp-json\/wp\/v2\/pages\/615\/revisions\/704"}],"wp:attachment":[{"href":"https:\/\/circulareconomyhotspotbudapest.com\/hu\/wp-json\/wp\/v2\/media?parent=615"}],"curies":[{"name":"wp","href":"https:\/\/api.w.org\/{rel}","templated":true}]}}