{"id":262,"date":"2025-06-30T09:59:35","date_gmt":"2025-06-30T09:59:35","guid":{"rendered":"https:\/\/circulareconomyhotspotbudapest.com\/?page_id=262"},"modified":"2026-04-08T12:23:05","modified_gmt":"2026-04-08T12:23:05","slug":"recommended-events","status":"publish","type":"page","link":"https:\/\/circulareconomyhotspotbudapest.com\/hu\/recommended-events\/","title":{"rendered":"ENVIRONTEC"},"content":{"rendered":"<style type=\"text\/css\" data-created_by=\"avia_inline_auto\" id=\"style-css-av-mcixg5p7-56404d73e105f8d5997c6287df68a9d8\">\n#top .av-special-heading.av-mcixg5p7-56404d73e105f8d5997c6287df68a9d8{\npadding-bottom:10px;\n}\nbody .av-special-heading.av-mcixg5p7-56404d73e105f8d5997c6287df68a9d8 .av-special-heading-tag .heading-char{\nfont-size:25px;\n}\n.av-special-heading.av-mcixg5p7-56404d73e105f8d5997c6287df68a9d8 .av-subheading{\nfont-size:15px;\n}\n<\/style>\n<div  class='av-special-heading av-mcixg5p7-56404d73e105f8d5997c6287df68a9d8 av-special-heading-h2 blockquote modern-quote modern-centered  avia-builder-el-0  el_before_av_section  avia-builder-el-no-sibling'><h2 class='av-special-heading-tag'  itemprop=\"headline\"  >ENVIRONTEC &#8211; HUNGEXPO<\/h2><div class=\"special-heading-border\"><div class=\"special-heading-inner-border\"><\/div><\/div><\/div>\n<\/div><\/div><\/div><!-- close content main div --><\/div><\/div><div id='av_section_1'  class='avia-section av-1fvhi-ce0cb3cc399ebead32bac3c35b0309ad main_color avia-section-default avia-no-border-styling  avia-builder-el-1  el_after_av_heading  avia-builder-el-last  avia-bg-style-scroll container_wrap fullsize'  ><div class='container av-section-cont-open' ><div class='template-page content  av-content-full alpha units'><div class='post-entry post-entry-type-page post-entry-262'><div class='entry-content-wrapper clearfix'>\n<div  id=\"environtec\"  class='flex_column av-9yeza-ee3eb7112cfac8c0f9b118c338b8529e av_one_full  avia-builder-el-2  avia-builder-el-no-sibling  first flex_column_div'     ><p>\n<style type=\"text\/css\" data-created_by=\"avia_inline_auto\" id=\"style-css-av-mcixf9ix-fcd745bf19f259277d5e1bc325d5a8e0\">\n.avia-image-container.av-mcixf9ix-fcd745bf19f259277d5e1bc325d5a8e0 img.avia_image{\nbox-shadow:none;\n}\n.avia-image-container.av-mcixf9ix-fcd745bf19f259277d5e1bc325d5a8e0 .av-image-caption-overlay-center{\ncolor:#ffffff;\n}\n<\/style>\n<div  class='avia-image-container av-mcixf9ix-fcd745bf19f259277d5e1bc325d5a8e0 av-styling- avia-align-center  avia-builder-el-3  el_before_av_textblock  avia-builder-el-first'   itemprop=\"image\" itemscope=\"itemscope\" itemtype=\"https:\/\/schema.org\/ImageObject\" ><div class=\"avia-image-container-inner\"><div class=\"avia-image-overlay-wrap\"><img decoding=\"async\" fetchpriority=\"high\" class='wp-image-263 avia-img-lazy-loading-not-263 avia_image' src=\"https:\/\/circulareconomyhotspotbudapest.com\/wp-content\/uploads\/2025\/06\/Environtec_2026_webheader_en-2.jpg\" alt='' title='Environtec_2026_webheader_en-2'  height=\"500\" width=\"1920\"  itemprop=\"thumbnailUrl\" srcset=\"https:\/\/circulareconomyhotspotbudapest.com\/wp-content\/uploads\/2025\/06\/Environtec_2026_webheader_en-2.jpg 1920w, https:\/\/circulareconomyhotspotbudapest.com\/wp-content\/uploads\/2025\/06\/Environtec_2026_webheader_en-2-600x156.jpg 600w, https:\/\/circulareconomyhotspotbudapest.com\/wp-content\/uploads\/2025\/06\/Environtec_2026_webheader_en-2-300x78.jpg 300w, https:\/\/circulareconomyhotspotbudapest.com\/wp-content\/uploads\/2025\/06\/Environtec_2026_webheader_en-2-1030x268.jpg 1030w, https:\/\/circulareconomyhotspotbudapest.com\/wp-content\/uploads\/2025\/06\/Environtec_2026_webheader_en-2-768x200.jpg 768w, https:\/\/circulareconomyhotspotbudapest.com\/wp-content\/uploads\/2025\/06\/Environtec_2026_webheader_en-2-1536x400.jpg 1536w, https:\/\/circulareconomyhotspotbudapest.com\/wp-content\/uploads\/2025\/06\/Environtec_2026_webheader_en-2-18x5.jpg 18w, https:\/\/circulareconomyhotspotbudapest.com\/wp-content\/uploads\/2025\/06\/Environtec_2026_webheader_en-2-1500x391.jpg 1500w, https:\/\/circulareconomyhotspotbudapest.com\/wp-content\/uploads\/2025\/06\/Environtec_2026_webheader_en-2-705x184.jpg 705w\" sizes=\"(max-width: 1920px) 100vw, 1920px\" \/><\/div><\/div><\/div><br \/>\n<section  class='av_textblock_section av-mcixzrdx-71883e2883cadd498283d5eeeec01acc'   itemscope=\"itemscope\" itemtype=\"https:\/\/schema.org\/CreativeWork\" ><div class='avia_textblock'  itemprop=\"text\" ><p><strong>\ud83d\udd0e Aj\u00e1nljuk figyelm\u00e9be!<\/strong><\/p>\n<p><strong>ENVIRONTEC powered by \u00d6KOINDUSTRIA 2026<\/strong> \u2013 A k\u00f6rnyezetipar j\u00f6v\u0151j\u00e9nek f\u00f3ruma<\/p>\n<p class=\"translation-block\">Okt\u00f3ber 7\u20139. k\u00f6z\u00f6tt ism\u00e9t megrendez\u00e9sre ker\u00fcl a <strong>nemzetk\u00f6zi ENVIRONTEC powered by \u00d6KOINDUSTRIA<\/strong> szakki\u00e1ll\u00edt\u00e1s a HUNGEXPO-n. A rendezv\u00e9ny a fenntarthat\u00f3 gazdas\u00e1gi \u00e1tmenet, a z\u00f6ld technol\u00f3gi\u00e1k \u00e9s a k\u00f6rforg\u00e1sos megold\u00e1sok kiemelt tal\u00e1lkoz\u00f3helye \u2013 szakembereknek, d\u00f6nt\u00e9shoz\u00f3knak \u00e9s innov\u00e1toroknak egyar\u00e1nt.<br>\nA ki\u00e1ll\u00edt\u00e1st <strong>konferenci\u00e1k, workshopok \u00e9s szakmai el\u0151ad\u00e1sok<\/strong> k\u00eds\u00e9rik, ahol a j\u00f6v\u0151 k\u00f6rnyezetipari megold\u00e1sai ker\u00fclnek a k\u00f6z\u00e9ppontba.<\/p>\n<p><strong>\ud83c\udf3f F\u00f3kuszban:<\/strong> ipari kibocs\u00e1t\u00e1s, kl\u00edmaadapt\u00e1ci\u00f3, z\u00f6ld energia, hullad\u00e9kgazd\u00e1lkod\u00e1s, v\u00edzvisszatart\u00e1s, leveg\u0151tisztas\u00e1gv\u00e9delem, k\u00f6rforg\u00e1sos gazdas\u00e1g, digitaliz\u00e1ci\u00f3 a k\u00f6rnyezetiparban.<\/p>\n<p><strong>\ud83d\udccc Kedvezm\u00e9nyes el\u0151jelentkez\u00e9si hat\u00e1rid\u0151:<\/strong> 2025. szeptember 15.<br \/>\n<strong>\ud83d\udca1 Form\u00e1ljuk egy\u00fctt a j\u00f6v\u0151t \u2013 legyen jelen \u00d6n is!<\/strong><br \/>\n\ud83d\udc49 R\u00e9szletek \u00e9s jelentkez\u00e9s: <a href=\"https:\/\/okoindustria.hu\/\">https:\/\/okoindustria.hu\/<\/a><\/p>\n<\/div><\/section><br \/>\n<div  class='avia-button-wrap av-mcixtgia-d23d3367c4e65d3a3178153d916091af-wrap avia-button-center  avia-builder-el-5  el_after_av_textblock  avia-builder-el-last'><a href='https:\/\/okoindustria.hu\/'  class='avia-button av-mcixtgia-d23d3367c4e65d3a3178153d916091af av-link-btn avia-icon_select-no avia-size-x-large avia-position-center avia-color-theme-color'   aria-label=\"L\u00c1TOGASSON EL A HIVATALOS WEBOLDALRA\"><span class='avia_iconbox_title' >L\u00c1TOGASSON EL A HIVATALOS WEBOLDALRA<\/span><\/a><\/div><\/p><\/div>","protected":false},"excerpt":{"rendered":"","protected":false},"author":1,"featured_media":0,"parent":0,"menu_order":0,"comment_status":"closed","ping_status":"closed","template":"","meta":{"footnotes":""},"class_list":["post-262","page","type-page","status-publish","hentry"],"_links":{"self":[{"href":"https:\/\/circulareconomyhotspotbudapest.com\/hu\/wp-json\/wp\/v2\/pages\/262","targetHints":{"allow":["GET"]}}],"collection":[{"href":"https:\/\/circulareconomyhotspotbudapest.com\/hu\/wp-json\/wp\/v2\/pages"}],"about":[{"href":"https:\/\/circulareconomyhotspotbudapest.com\/hu\/wp-json\/wp\/v2\/types\/page"}],"author":[{"embeddable":true,"href":"https:\/\/circulareconomyhotspotbudapest.com\/hu\/wp-json\/wp\/v2\/users\/1"}],"replies":[{"embeddable":true,"href":"https:\/\/circulareconomyhotspotbudapest.com\/hu\/wp-json\/wp\/v2\/comments?post=262"}],"version-history":[{"count":17,"href":"https:\/\/circulareconomyhotspotbudapest.com\/hu\/wp-json\/wp\/v2\/pages\/262\/revisions"}],"predecessor-version":[{"id":579,"href":"https:\/\/circulareconomyhotspotbudapest.com\/hu\/wp-json\/wp\/v2\/pages\/262\/revisions\/579"}],"wp:attachment":[{"href":"https:\/\/circulareconomyhotspotbudapest.com\/hu\/wp-json\/wp\/v2\/media?parent=262"}],"curies":[{"name":"wp","href":"https:\/\/api.w.org\/{rel}","templated":true}]}}