{"id":1686,"date":"2026-05-06T09:09:34","date_gmt":"2026-05-06T09:09:34","guid":{"rendered":"https:\/\/circulareconomyhotspotbudapest.com\/?page_id=1686"},"modified":"2026-05-06T09:40:14","modified_gmt":"2026-05-06T09:40:14","slug":"how-to-get-to-budapest","status":"publish","type":"page","link":"https:\/\/circulareconomyhotspotbudapest.com\/hu\/event-information\/how-to-get-to-budapest\/","title":{"rendered":"Hogyan juthat el Budapestre?"},"content":{"rendered":"<style type=\"text\/css\" data-created_by=\"avia_inline_auto\" id=\"style-css-av-motv8kjw-a0c7d98736e6f16a112bff064811c72e\">\n#top .av-special-heading.av-motv8kjw-a0c7d98736e6f16a112bff064811c72e{\npadding-bottom:10px;\n}\nbody .av-special-heading.av-motv8kjw-a0c7d98736e6f16a112bff064811c72e .av-special-heading-tag .heading-char{\nfont-size:25px;\n}\n.av-special-heading.av-motv8kjw-a0c7d98736e6f16a112bff064811c72e .av-subheading{\nfont-size:15px;\n}\n<\/style>\n<div  class='av-special-heading av-motv8kjw-a0c7d98736e6f16a112bff064811c72e av-special-heading-h2  avia-builder-el-0  el_before_av_textblock  avia-builder-el-first'><h2 class='av-special-heading-tag'  itemprop=\"headline\"  >Hogyan juthat el Budapestre?<\/h2><div class=\"special-heading-border\"><div class=\"special-heading-inner-border\"><\/div><\/div><\/div>\n<section  class='av_textblock_section av-motv85vs-e49ac7652d19d72344f4785fb64920fc'   itemscope=\"itemscope\" itemtype=\"https:\/\/schema.org\/CreativeWork\" ><div class='avia_textblock'  itemprop=\"text\" ><p><strong>Budapest <\/strong>K\u00f6z\u00e9p-Eur\u00f3pa egyik legjobban megk\u00f6zel\u00edthet\u0151 f\u0151v\u00e1rosa, \u00edgy a konferenci\u00e1ra t\u00f6rt\u00e9n\u0151 utaz\u00e1s egyszer\u0171 \u00e9s k\u00e9nyelmes.<\/p>\n<p>Utaz\u00e1sa megtervez\u00e9sekor arra biztatjuk, hogy vegye figyelembe a k\u00fcl\u00f6nb\u00f6z\u0151 k\u00f6zleked\u00e9si m\u00f3dok k\u00f6rnyezeti hat\u00e1s\u00e1t, \u00e9s lehet\u0151s\u00e9g szerint v\u00e1lasszon alacsonyabb karbonkibocs\u00e1t\u00e1s\u00fa megold\u00e1sokat, p\u00e9ld\u00e1ul vas\u00fati vagy k\u00f6z\u00f6ss\u00e9gi k\u00f6zleked\u00e9st.<\/p>\n<h4><strong>Vonattal<\/strong><\/h4>\n<p>Budapest nemzetk\u00f6zi \u00e9s belf\u00f6ldi vas\u00fati j\u00e1ratokkal egyar\u00e1nt k\u00f6nnyen megk\u00f6zel\u00edthet\u0151. A v\u00e1ros h\u00e1rom f\u0151 p\u00e1lyaudvara \u2014 <strong>Budapest Keleti<\/strong>, <strong>Budapest Nyugati<\/strong>\u00e9s <strong>Budapest D\u00e9li<\/strong> \u2014 k\u00f6zvetlen \u00f6sszek\u00f6ttet\u00e9st biztos\u00edt sz\u00e1mos eur\u00f3pai v\u00e1rossal, t\u00f6bbek k\u00f6z\u00f6tt B\u00e9ccsel, Pozsonnyal, Pr\u00e1g\u00e1val, M\u00fcnchennel, Z\u00fcrichel \u00e9s Bukaresttel, valamint kiterjedt belf\u00f6ldi kapcsolatokat k\u00edn\u00e1l Magyarorsz\u00e1g eg\u00e9sz ter\u00fclet\u00e9re.<\/p>\n<p>A nagysebess\u00e9g\u0171 \u00e9s EuroCity j\u00e1ratok k\u00e9nyelmes el\u00e9r\u00e9st biztos\u00edtanak a szomsz\u00e9dos orsz\u00e1gokb\u00f3l, m\u00edg Budapest k\u00f6z\u00f6ss\u00e9gi k\u00f6zleked\u00e9si h\u00e1l\u00f3zata egyszer\u0171 hozz\u00e1f\u00e9r\u00e9st k\u00edn\u00e1l a sz\u00e1llod\u00e1khoz, helysz\u00ednekhez \u00e9s f\u0151bb l\u00e1tnival\u00f3khoz.<\/p>\n<p>Menetrendek\u00e9rt \u00e9s jegyinform\u00e1ci\u00f3k\u00e9rt k\u00e9rj\u00fck, l\u00e1togasson el a M\u00c1V weboldal\u00e1ra:<br \/>\n<a href=\"https:\/\/www.mavcsoport.hu\/\">https:\/\/www.mavcsoport.hu\/<\/a><\/p>\n<h4><strong>Aut\u00f3val<\/strong><\/h4>\n<p>Budapest az eur\u00f3pai aut\u00f3p\u00e1lya-h\u00e1l\u00f3zathoz t\u00f6bb f\u0151 \u00fatvonalon kereszt\u00fcl kapcsol\u00f3dik, k\u00f6zt\u00fck az M1-es (B\u00e9cs), M3-as, M5-\u00f6s \u00e9s M7-es aut\u00f3p\u00e1ly\u00e1kon.<\/p>\n<p>A v\u00e1rosban sz\u00e1mos parkol\u00e1si lehet\u0151s\u00e9g \u00e9rhet\u0151 el, bele\u00e9rtve a m\u00e9lygar\u00e1zsokat \u00e9s a k\u00f6z\u00f6ss\u00e9gi k\u00f6zleked\u00e9ssel \u00f6sszekapcsolt P+R parkol\u00f3kat is. Mivel a belv\u00e1rosi forgalom cs\u00facsid\u0151ben jelent\u0151s lehet, javasoljuk a k\u00f6z\u00f6ss\u00e9gi k\u00f6zleked\u00e9s haszn\u00e1lat\u00e1t.<\/p>\n<p>Utaz\u00e1si \u00e9s parkol\u00e1si inform\u00e1ci\u00f3k:<br \/>\n<a href=\"https:\/\/bkk.hu\">https:\/\/bkk.hu<\/a><br \/>\n<a href=\"https:\/\/kozutfigyelo.budapestkozut.hu\/\">https:\/\/kozutfigyelo.budapestkozut.hu\/<\/a><\/p>\n<h4><strong>Busszal<\/strong><\/h4>\n<p>Kedvez\u0151 \u00e1r\u00fa \u00e9s fenntarthat\u00f3 utaz\u00e1si lehet\u0151s\u00e9g Budapestre.<\/p>\n<p>Nemzetk\u00f6zi buszt\u00e1rsas\u00e1gok <strong>FlixBus<\/strong>, <strong>RegioJet<\/strong>\u00e9s <strong>Eurolines<\/strong> \u2014 rendszeres j\u00e1ratokat \u00fczemeltetnek Budapest \u00e9s sz\u00e1mos eur\u00f3pai v\u00e1ros k\u00f6z\u00f6tt<\/p>\n<p>A legt\u00f6bb nemzetk\u00f6zi busz a <strong>N\u00e9pliget aut\u00f3busz-\u00e1llom\u00e1sra<\/strong>\u00e9rkezik, amely metr\u00f3- \u00e9s villamosvonalakkal is j\u00f3l kapcsol\u00f3dik a v\u00e1rosk\u00f6zponthoz.<\/p>\n<h4><strong>Rep\u00fcl\u0151vel<\/strong><\/h4>\n<p>Budapest Ferenc Liszt International Airport a v\u00e1rosk\u00f6zpontt\u00f3l mintegy 16 km-re d\u00e9lkeletre tal\u00e1lhat\u00f3, \u00e9s k\u00f6zvetlen j\u00e1ratokat k\u00edn\u00e1l sz\u00e1mos eur\u00f3pai \u00e9s nemzetk\u00f6zi desztin\u00e1ci\u00f3ra.<\/p>\n<p>A rep\u00fcl\u0151t\u00e9rr\u0151l a belv\u00e1ros az al\u00e1bbi m\u00f3dokon k\u00f6zel\u00edthet\u0151 meg:<\/p>\n<ul>\n<li><strong>100E rept\u00e9ri busz:<\/strong> k\u00f6zvetlen kapcsolat a rep\u00fcl\u0151t\u00e9r \u00e9s a belv\u00e1ros k\u00f6z\u00f6tt, gyakori indul\u00e1sokkal.<\/li>\n<li><strong>K\u00f6z\u00f6ss\u00e9gi k\u00f6zleked\u00e9s:<\/strong> busz- \u00e9s metr\u00f3j\u00e1ratok kombin\u00e1ci\u00f3ja a v\u00e1rosi h\u00e1l\u00f3zathoz kapcsol\u00f3dva.<\/li>\n<li><strong>Taxi:<\/strong> hivatalos taxiszolg\u00e1ltat\u00e1sok k\u00f6zvetlen\u00fcl a termin\u00e1lok el\u0151tt \u00e9rhet\u0151k el.<\/li>\n<li><strong>Rept\u00e9ri shuttle szolg\u00e1ltat\u00e1sok:<\/strong> k\u00f6z\u00f6s vagy priv\u00e1t transzferek szint\u00e9n rendelkez\u00e9sre \u00e1llnak.<\/li>\n<\/ul>\n<p>Tov\u00e1bbi inform\u00e1ci\u00f3k:<br \/>\n<a href=\"https:\/\/www.bud.hu\/\">https:\/\/www.bud.hu\/<\/a><br \/>\n<a href=\"https:\/\/bkk.hu\/en\/airports\/\">https:\/\/bkk.hu\/en\/airports\/<\/a><\/p>\n<\/div><\/section>","protected":false},"excerpt":{"rendered":"","protected":false},"author":1,"featured_media":0,"parent":1684,"menu_order":0,"comment_status":"closed","ping_status":"closed","template":"","meta":{"footnotes":""},"class_list":["post-1686","page","type-page","status-publish","hentry"],"_links":{"self":[{"href":"https:\/\/circulareconomyhotspotbudapest.com\/hu\/wp-json\/wp\/v2\/pages\/1686","targetHints":{"allow":["GET"]}}],"collection":[{"href":"https:\/\/circulareconomyhotspotbudapest.com\/hu\/wp-json\/wp\/v2\/pages"}],"about":[{"href":"https:\/\/circulareconomyhotspotbudapest.com\/hu\/wp-json\/wp\/v2\/types\/page"}],"author":[{"embeddable":true,"href":"https:\/\/circulareconomyhotspotbudapest.com\/hu\/wp-json\/wp\/v2\/users\/1"}],"replies":[{"embeddable":true,"href":"https:\/\/circulareconomyhotspotbudapest.com\/hu\/wp-json\/wp\/v2\/comments?post=1686"}],"version-history":[{"count":2,"href":"https:\/\/circulareconomyhotspotbudapest.com\/hu\/wp-json\/wp\/v2\/pages\/1686\/revisions"}],"predecessor-version":[{"id":1719,"href":"https:\/\/circulareconomyhotspotbudapest.com\/hu\/wp-json\/wp\/v2\/pages\/1686\/revisions\/1719"}],"up":[{"embeddable":true,"href":"https:\/\/circulareconomyhotspotbudapest.com\/hu\/wp-json\/wp\/v2\/pages\/1684"}],"wp:attachment":[{"href":"https:\/\/circulareconomyhotspotbudapest.com\/hu\/wp-json\/wp\/v2\/media?parent=1686"}],"curies":[{"name":"wp","href":"https:\/\/api.w.org\/{rel}","templated":true}]}}