{"id":1684,"date":"2026-05-06T09:07:30","date_gmt":"2026-05-06T09:07:30","guid":{"rendered":"https:\/\/circulareconomyhotspotbudapest.com\/?page_id=1684"},"modified":"2026-05-07T12:41:05","modified_gmt":"2026-05-07T12:41:05","slug":"event-information","status":"publish","type":"page","link":"https:\/\/circulareconomyhotspotbudapest.com\/hu\/event-information\/","title":{"rendered":"Esem\u00e9ny inform\u00e1ci\u00f3k"},"content":{"rendered":"<style type=\"text\/css\" data-created_by=\"avia_inline_auto\" id=\"style-css-av-motuuq97-2c5cc2b84dc720bee941606783075c59\">\n#top .av-special-heading.av-motuuq97-2c5cc2b84dc720bee941606783075c59{\npadding-bottom:30px;\n}\nbody .av-special-heading.av-motuuq97-2c5cc2b84dc720bee941606783075c59 .av-special-heading-tag .heading-char{\nfont-size:25px;\n}\n.av-special-heading.av-motuuq97-2c5cc2b84dc720bee941606783075c59 .av-subheading{\nfont-size:15px;\n}\n<\/style>\n<div  class='av-special-heading av-motuuq97-2c5cc2b84dc720bee941606783075c59 av-special-heading-h2 blockquote modern-quote  avia-builder-el-0  el_before_av_one_fourth  avia-builder-el-first'><h2 class='av-special-heading-tag'  itemprop=\"headline\"  >Esem\u00e9ny inform\u00e1ci\u00f3k<\/h2><div class=\"special-heading-border\"><div class=\"special-heading-inner-border\"><\/div><\/div><\/div>\n<div class='flex_column_table av-motuinxy-76bb49e4b2872e79912454ca7882545e sc-av_one_fourth av-equal-height-column-flextable'>\n<style type=\"text\/css\" data-created_by=\"avia_inline_auto\" id=\"style-css-av-motuinxy-76bb49e4b2872e79912454ca7882545e\">\n#top .flex_column_table.av-equal-height-column-flextable.av-motuinxy-76bb49e4b2872e79912454ca7882545e{\nmargin-top:0px;\nmargin-bottom:0px;\n}\n.flex_column.av-motuinxy-76bb49e4b2872e79912454ca7882545e{\nborder-radius:20px 20px 20px 20px;\npadding:35px 35px 35px 35px;\nbackground-color:#f8f8f8;\n}\n<\/style>\n<div  class='flex_column av-motuinxy-76bb49e4b2872e79912454ca7882545e av_one_fourth  avia-builder-el-1  el_after_av_heading  el_before_av_one_fourth  first flex_column_table_cell av-equal-height-column av-align-top avia-link-column av-column-link'    data-link-column-url=\"https:\/\/circulareconomyhotspotbudapest.com\/hu\/event-information\/how-to-get-to-budapest\/\"   ><a class=\"av-screen-reader-only\" href=\"https:\/\/circulareconomyhotspotbudapest.com\/hu\/event-information\/how-to-get-to-budapest\/\" >Link to: How to get to Budapest?<\/a><p>\n<style type=\"text\/css\" data-created_by=\"avia_inline_auto\" id=\"style-css-av-6y4g90-392c6b0f9a542721bceeadf728461941\">\n.avia-image-container.av-6y4g90-392c6b0f9a542721bceeadf728461941 img.avia_image{\nbox-shadow:none;\n}\n.avia-image-container.av-6y4g90-392c6b0f9a542721bceeadf728461941 .av-image-caption-overlay-center{\ncolor:#ffffff;\n}\n<\/style>\n<div  class='avia-image-container av-6y4g90-392c6b0f9a542721bceeadf728461941 av-styling- avia-align-center  avia-builder-el-2  el_before_av_textblock  avia-builder-el-first'   itemprop=\"image\" itemscope=\"itemscope\" itemtype=\"https:\/\/schema.org\/ImageObject\" ><div class=\"avia-image-container-inner\"><div class=\"avia-image-overlay-wrap\"><img decoding=\"async\" fetchpriority=\"high\" class='wp-image-1775 avia-img-lazy-loading-not-1775 avia_image' src=\"https:\/\/circulareconomyhotspotbudapest.com\/wp-content\/uploads\/2026\/05\/How-to-get-180x180.jpg\" alt='' title='How to get'  height=\"180\" width=\"180\"  itemprop=\"thumbnailUrl\" srcset=\"https:\/\/circulareconomyhotspotbudapest.com\/wp-content\/uploads\/2026\/05\/How-to-get-180x180.jpg 180w, https:\/\/circulareconomyhotspotbudapest.com\/wp-content\/uploads\/2026\/05\/How-to-get-80x80.jpg 80w, https:\/\/circulareconomyhotspotbudapest.com\/wp-content\/uploads\/2026\/05\/How-to-get-36x36.jpg 36w, https:\/\/circulareconomyhotspotbudapest.com\/wp-content\/uploads\/2026\/05\/How-to-get-120x120.jpg 120w, https:\/\/circulareconomyhotspotbudapest.com\/wp-content\/uploads\/2026\/05\/How-to-get-450x450.jpg 450w, https:\/\/circulareconomyhotspotbudapest.com\/wp-content\/uploads\/2026\/05\/How-to-get-300x300.jpg 300w, https:\/\/circulareconomyhotspotbudapest.com\/wp-content\/uploads\/2026\/05\/How-to-get-100x100.jpg 100w\" sizes=\"(max-width: 180px) 100vw, 180px\" \/><\/div><\/div><\/div><br \/>\n<section  class='av_textblock_section av-motuqrf9-15843e73b56d54e15895e2026c2b53eb'   itemscope=\"itemscope\" itemtype=\"https:\/\/schema.org\/CreativeWork\" ><div class='avia_textblock'  itemprop=\"text\" ><p style=\"text-align: center;\"><strong>Hogyan juthat el Budapestre?<\/strong><\/p>\n<\/div><\/section><\/p><\/div><div class='av-flex-placeholder'><\/div>\n<style type=\"text\/css\" data-created_by=\"avia_inline_auto\" id=\"style-css-av-motutaw5-1230327b58476242265e8d9ac262a302\">\n#top .flex_column_table.av-equal-height-column-flextable.av-motutaw5-1230327b58476242265e8d9ac262a302{\nmargin-top:0px;\nmargin-bottom:0px;\n}\n.flex_column.av-motutaw5-1230327b58476242265e8d9ac262a302{\nborder-radius:20px 20px 20px 20px;\npadding:35px 35px 35px 35px;\nbackground-color:#f8f8f8;\n}\n<\/style>\n<div  class='flex_column av-motutaw5-1230327b58476242265e8d9ac262a302 av_one_fourth  avia-builder-el-4  el_after_av_one_fourth  el_before_av_one_fourth  flex_column_table_cell av-equal-height-column av-align-top avia-link-column av-column-link'    data-link-column-url=\"https:\/\/circulareconomyhotspotbudapest.com\/hu\/event-information\/conference-venues\/\"   ><a class=\"av-screen-reader-only\" href=\"https:\/\/circulareconomyhotspotbudapest.com\/hu\/event-information\/conference-venues\/\" >Link to: Conference venues<\/a><p>\n<style type=\"text\/css\" data-created_by=\"avia_inline_auto\" id=\"style-css-av-65f56c-56a8e36910b5f33a5aaf6ab1b42d4710\">\n.avia-image-container.av-65f56c-56a8e36910b5f33a5aaf6ab1b42d4710 img.avia_image{\nbox-shadow:none;\n}\n.avia-image-container.av-65f56c-56a8e36910b5f33a5aaf6ab1b42d4710 .av-image-caption-overlay-center{\ncolor:#ffffff;\n}\n<\/style>\n<div  class='avia-image-container av-65f56c-56a8e36910b5f33a5aaf6ab1b42d4710 av-styling- avia-align-center  avia-builder-el-5  el_before_av_textblock  avia-builder-el-first'   itemprop=\"image\" itemscope=\"itemscope\" itemtype=\"https:\/\/schema.org\/ImageObject\" ><div class=\"avia-image-container-inner\"><div class=\"avia-image-overlay-wrap\"><img decoding=\"async\" fetchpriority=\"high\" class='wp-image-1539 avia-img-lazy-loading-not-1539 avia_image' src=\"https:\/\/circulareconomyhotspotbudapest.com\/wp-content\/uploads\/2026\/05\/mnb-krisztina-krt-55-0749-180x180.jpg\" alt='' title='mnb-krisztina-krt-55-0749'  height=\"180\" width=\"180\"  itemprop=\"thumbnailUrl\" srcset=\"https:\/\/circulareconomyhotspotbudapest.com\/wp-content\/uploads\/2026\/05\/mnb-krisztina-krt-55-0749-180x180.jpg 180w, https:\/\/circulareconomyhotspotbudapest.com\/wp-content\/uploads\/2026\/05\/mnb-krisztina-krt-55-0749-80x80.jpg 80w, https:\/\/circulareconomyhotspotbudapest.com\/wp-content\/uploads\/2026\/05\/mnb-krisztina-krt-55-0749-36x36.jpg 36w, https:\/\/circulareconomyhotspotbudapest.com\/wp-content\/uploads\/2026\/05\/mnb-krisztina-krt-55-0749-120x120.jpg 120w, https:\/\/circulareconomyhotspotbudapest.com\/wp-content\/uploads\/2026\/05\/mnb-krisztina-krt-55-0749-300x300.jpg 300w, https:\/\/circulareconomyhotspotbudapest.com\/wp-content\/uploads\/2026\/05\/mnb-krisztina-krt-55-0749-100x100.jpg 100w\" sizes=\"(max-width: 180px) 100vw, 180px\" \/><\/div><\/div><\/div><br \/>\n<section  class='av_textblock_section av-moturg8p-b1f897fd9f097332b8512bf2f03853a0'   itemscope=\"itemscope\" itemtype=\"https:\/\/schema.org\/CreativeWork\" ><div class='avia_textblock'  itemprop=\"text\" ><p style=\"text-align: center;\"><strong>Konferencia-helysz\u00ednek<\/strong><\/p>\n<\/div><\/section><\/p><\/div><div class='av-flex-placeholder'><\/div>\n<style type=\"text\/css\" data-created_by=\"avia_inline_auto\" id=\"style-css-av-motutlms-caf5de976c9af25c45ce3c7902fa97bc\">\n#top .flex_column_table.av-equal-height-column-flextable.av-motutlms-caf5de976c9af25c45ce3c7902fa97bc{\nmargin-top:0px;\nmargin-bottom:0px;\n}\n.flex_column.av-motutlms-caf5de976c9af25c45ce3c7902fa97bc{\nborder-radius:20px 20px 20px 20px;\npadding:35px 35px 35px 35px;\nbackground-color:#f8f8f8;\n}\n<\/style>\n<div  class='flex_column av-motutlms-caf5de976c9af25c45ce3c7902fa97bc av_one_fourth  avia-builder-el-7  el_after_av_one_fourth  el_before_av_one_fourth  flex_column_table_cell av-equal-height-column av-align-top avia-link-column av-column-link'    data-link-column-url=\"https:\/\/circulareconomyhotspotbudapest.com\/hu\/event-information\/where-to-stay\/\"   ><a class=\"av-screen-reader-only\" href=\"https:\/\/circulareconomyhotspotbudapest.com\/hu\/event-information\/where-to-stay\/\" >Link to: Where to stay<\/a><p>\n<style type=\"text\/css\" data-created_by=\"avia_inline_auto\" id=\"style-css-av-4plcys-a0adaeb0e16b21e58359eaade9cf15d1\">\n.avia-image-container.av-4plcys-a0adaeb0e16b21e58359eaade9cf15d1 img.avia_image{\nbox-shadow:none;\n}\n.avia-image-container.av-4plcys-a0adaeb0e16b21e58359eaade9cf15d1 .av-image-caption-overlay-center{\ncolor:#ffffff;\n}\n<\/style>\n<div  class='avia-image-container av-4plcys-a0adaeb0e16b21e58359eaade9cf15d1 av-styling- avia-align-center  avia-builder-el-8  el_before_av_textblock  avia-builder-el-first'   itemprop=\"image\" itemscope=\"itemscope\" itemtype=\"https:\/\/schema.org\/ImageObject\" ><div class=\"avia-image-container-inner\"><div class=\"avia-image-overlay-wrap\"><img decoding=\"async\" fetchpriority=\"high\" class='wp-image-1469 avia-img-lazy-loading-not-1469 avia_image' src=\"https:\/\/circulareconomyhotspotbudapest.com\/wp-content\/uploads\/2026\/05\/Hotspot-Portrek-19-180x180.png\" alt='' title='Hotspot Portr\u00e9k (19)'  height=\"180\" width=\"180\"  itemprop=\"thumbnailUrl\" srcset=\"https:\/\/circulareconomyhotspotbudapest.com\/wp-content\/uploads\/2026\/05\/Hotspot-Portrek-19-180x180.png 180w, https:\/\/circulareconomyhotspotbudapest.com\/wp-content\/uploads\/2026\/05\/Hotspot-Portrek-19-300x300.png 300w, https:\/\/circulareconomyhotspotbudapest.com\/wp-content\/uploads\/2026\/05\/Hotspot-Portrek-19-80x80.png 80w, https:\/\/circulareconomyhotspotbudapest.com\/wp-content\/uploads\/2026\/05\/Hotspot-Portrek-19-768x768.png 768w, https:\/\/circulareconomyhotspotbudapest.com\/wp-content\/uploads\/2026\/05\/Hotspot-Portrek-19-12x12.png 12w, https:\/\/circulareconomyhotspotbudapest.com\/wp-content\/uploads\/2026\/05\/Hotspot-Portrek-19-36x36.png 36w, https:\/\/circulareconomyhotspotbudapest.com\/wp-content\/uploads\/2026\/05\/Hotspot-Portrek-19-705x705.png 705w, https:\/\/circulareconomyhotspotbudapest.com\/wp-content\/uploads\/2026\/05\/Hotspot-Portrek-19-120x120.png 120w, https:\/\/circulareconomyhotspotbudapest.com\/wp-content\/uploads\/2026\/05\/Hotspot-Portrek-19-450x450.png 450w, https:\/\/circulareconomyhotspotbudapest.com\/wp-content\/uploads\/2026\/05\/Hotspot-Portrek-19-600x600.png 600w, https:\/\/circulareconomyhotspotbudapest.com\/wp-content\/uploads\/2026\/05\/Hotspot-Portrek-19-100x100.png 100w, https:\/\/circulareconomyhotspotbudapest.com\/wp-content\/uploads\/2026\/05\/Hotspot-Portrek-19.png 1000w\" sizes=\"(max-width: 180px) 100vw, 180px\" \/><\/div><\/div><\/div><br \/>\n<section  class='av_textblock_section av-moturwx7-475c991abfff915dae4b2d5b46719138'   itemscope=\"itemscope\" itemtype=\"https:\/\/schema.org\/CreativeWork\" ><div class='avia_textblock'  itemprop=\"text\" ><p style=\"text-align: center;\"><strong>Sz\u00e1ll\u00e1saj\u00e1nl\u00f3<\/strong><\/p>\n<\/div><\/section><\/p><\/div><div class='av-flex-placeholder'><\/div>\n<style type=\"text\/css\" data-created_by=\"avia_inline_auto\" id=\"style-css-av-motutvsu-8f100cd500bda623d9ef3f45752c25aa\">\n#top .flex_column_table.av-equal-height-column-flextable.av-motutvsu-8f100cd500bda623d9ef3f45752c25aa{\nmargin-top:0px;\nmargin-bottom:0px;\n}\n.flex_column.av-motutvsu-8f100cd500bda623d9ef3f45752c25aa{\nborder-radius:20px 20px 20px 20px;\npadding:35px 35px 35px 35px;\nbackground-color:#f8f8f8;\n}\n<\/style>\n<div  class='flex_column av-motutvsu-8f100cd500bda623d9ef3f45752c25aa av_one_fourth  avia-builder-el-10  el_after_av_one_fourth  avia-builder-el-last  flex_column_table_cell av-equal-height-column av-align-top avia-link-column av-column-link'    data-link-column-url=\"https:\/\/circulareconomyhotspotbudapest.com\/hu\/event-information\/exhibiton-at-the-conference\/\"   ><a class=\"av-screen-reader-only\" href=\"https:\/\/circulareconomyhotspotbudapest.com\/hu\/event-information\/exhibiton-at-the-conference\/\" >Link to: Exhibiton at the conference<\/a><p>\n<style type=\"text\/css\" data-created_by=\"avia_inline_auto\" id=\"style-css-av-7uqro-e3ef39128bc06bef7d96dc0da9594a27\">\n.avia-image-container.av-7uqro-e3ef39128bc06bef7d96dc0da9594a27 img.avia_image{\nbox-shadow:none;\n}\n.avia-image-container.av-7uqro-e3ef39128bc06bef7d96dc0da9594a27 .av-image-caption-overlay-center{\ncolor:#ffffff;\n}\n<\/style>\n<div  class='avia-image-container av-7uqro-e3ef39128bc06bef7d96dc0da9594a27 av-styling- avia-align-center  avia-builder-el-11  el_before_av_textblock  avia-builder-el-first'   itemprop=\"image\" itemscope=\"itemscope\" itemtype=\"https:\/\/schema.org\/ImageObject\" ><div class=\"avia-image-container-inner\"><div class=\"avia-image-overlay-wrap\"><img decoding=\"async\" fetchpriority=\"high\" class='wp-image-1774 avia-img-lazy-loading-not-1774 avia_image' src=\"https:\/\/circulareconomyhotspotbudapest.com\/wp-content\/uploads\/2026\/05\/exhibition-1-180x180.jpg\" alt='' title='exhibition'  height=\"180\" width=\"180\"  itemprop=\"thumbnailUrl\" srcset=\"https:\/\/circulareconomyhotspotbudapest.com\/wp-content\/uploads\/2026\/05\/exhibition-1-180x180.jpg 180w, https:\/\/circulareconomyhotspotbudapest.com\/wp-content\/uploads\/2026\/05\/exhibition-1-80x80.jpg 80w, https:\/\/circulareconomyhotspotbudapest.com\/wp-content\/uploads\/2026\/05\/exhibition-1-36x36.jpg 36w, https:\/\/circulareconomyhotspotbudapest.com\/wp-content\/uploads\/2026\/05\/exhibition-1-120x120.jpg 120w, https:\/\/circulareconomyhotspotbudapest.com\/wp-content\/uploads\/2026\/05\/exhibition-1-450x450.jpg 450w, https:\/\/circulareconomyhotspotbudapest.com\/wp-content\/uploads\/2026\/05\/exhibition-1-300x300.jpg 300w, https:\/\/circulareconomyhotspotbudapest.com\/wp-content\/uploads\/2026\/05\/exhibition-1-100x100.jpg 100w\" sizes=\"(max-width: 180px) 100vw, 180px\" \/><\/div><\/div><\/div><br \/>\n<section  class='av_textblock_section av-motusaqw-67fa8047e2195bf3ef07634e84fb0f3f'   itemscope=\"itemscope\" itemtype=\"https:\/\/schema.org\/CreativeWork\" ><div class='avia_textblock'  itemprop=\"text\" ><p style=\"text-align: center;\"><strong>Ki\u00e1ll\u00edt\u00f3i jelentkez\u00e9s<\/strong><\/p>\n<\/div><\/section><\/p><\/div><\/div><!--close column table wrapper. Autoclose: 1 --><\/p>","protected":false},"excerpt":{"rendered":"","protected":false},"author":1,"featured_media":0,"parent":0,"menu_order":0,"comment_status":"closed","ping_status":"closed","template":"","meta":{"footnotes":""},"class_list":["post-1684","page","type-page","status-publish","hentry"],"_links":{"self":[{"href":"https:\/\/circulareconomyhotspotbudapest.com\/hu\/wp-json\/wp\/v2\/pages\/1684","targetHints":{"allow":["GET"]}}],"collection":[{"href":"https:\/\/circulareconomyhotspotbudapest.com\/hu\/wp-json\/wp\/v2\/pages"}],"about":[{"href":"https:\/\/circulareconomyhotspotbudapest.com\/hu\/wp-json\/wp\/v2\/types\/page"}],"author":[{"embeddable":true,"href":"https:\/\/circulareconomyhotspotbudapest.com\/hu\/wp-json\/wp\/v2\/users\/1"}],"replies":[{"embeddable":true,"href":"https:\/\/circulareconomyhotspotbudapest.com\/hu\/wp-json\/wp\/v2\/comments?post=1684"}],"version-history":[{"count":13,"href":"https:\/\/circulareconomyhotspotbudapest.com\/hu\/wp-json\/wp\/v2\/pages\/1684\/revisions"}],"predecessor-version":[{"id":1776,"href":"https:\/\/circulareconomyhotspotbudapest.com\/hu\/wp-json\/wp\/v2\/pages\/1684\/revisions\/1776"}],"wp:attachment":[{"href":"https:\/\/circulareconomyhotspotbudapest.com\/hu\/wp-json\/wp\/v2\/media?parent=1684"}],"curies":[{"name":"wp","href":"https:\/\/api.w.org\/{rel}","templated":true}]}}